{"id":92,"date":"2011-04-11T08:01:51","date_gmt":"2011-04-11T08:01:51","guid":{"rendered":"http:\/\/www.condenser-mic.de\/datentest\/?page_id=92"},"modified":"2021-10-21T09:56:39","modified_gmt":"2021-10-21T09:56:39","slug":"impressum","status":"publish","type":"page","link":"http:\/\/www.condenser-mic.de\/datentest\/?page_id=92","title":{"rendered":"Impressum"},"content":{"rendered":"<p>michael hess<br \/>\ngrafisches atelier<\/p>\n<p>Apothekerstra\u00dfe 5<br \/>\n72622 N\u00fcrtingen<\/p>\n<p>Mobil: +49 1575 1184646<\/p>\n<p>info(@)grafisches-atelier.com<br \/>\n<a href=\"http:\/\/www.grafisches-atelier.com\/\">http:\/\/www.grafisches-atelier.com<\/a><\/p>\n<p><strong>AGB<\/strong><br \/>\nDie nachfolgenden AGB gelten f\u00fcr alle uns erteilten Auftr\u00e4ge.<br \/>\nSie gelten als vereinbart, wenn ihnen nicht umgehend widersprochen wird:<\/p>\n<p><a href=\"http:\/\/www.condenser-mic.de\/grafischesatelier\/AGB_grafisches_atelier_michael_hess.pdf\" target=\"_self\">Allgemeine Gesch\u00e4ftsbedingungen\u00a0[AGB]<\/a><\/p>\n<p>Ust.-IdentNr. gem\u00e4\u00df \u00a7 27 a<br \/>\nUmsatzsteuergesetz:<br \/>\nDE 272653626<\/p>\n<p>Inhaltlich Verantwortlicher gem\u00e4\u00df<br \/>\n\u00a7 10 Absatz 3 MDStV: Michael He\u00df<\/p>\n<p><strong>Fotos<\/strong><br \/>\nAndi Dalferth<br \/>\n<a href=\"http:\/\/www.andi-dalferth.de\/\" target=\"_self\">andi-dalferth.de<\/a><\/p>\n","protected":false},"excerpt":{"rendered":"<p>michael hess grafisches atelier Apothekerstra\u00dfe 5 72622 N\u00fcrtingen Mobil: +49 1575 1184646 info(@)grafisches-atelier.com http:\/\/www.grafisches-atelier.com AGB Die nachfolgenden AGB gelten f\u00fcr alle uns erteilten Auftr\u00e4ge. Sie gelten als vereinbart, wenn ihnen nicht umgehend widersprochen wird: Allgemeine Gesch\u00e4ftsbedingungen\u00a0[AGB] Ust.-IdentNr. gem\u00e4\u00df \u00a7 27 a Umsatzsteuergesetz: DE 272653626 Inhaltlich Verantwortlicher gem\u00e4\u00df \u00a7 10 Absatz 3 MDStV: Michael He\u00df Fotos &hellip; <\/p>\n","protected":false},"author":1,"featured_media":0,"parent":0,"menu_order":5,"comment_status":"closed","ping_status":"closed","template":"","meta":[],"_links":{"self":[{"href":"http:\/\/www.condenser-mic.de\/datentest\/index.php?rest_route=\/wp\/v2\/pages\/92"}],"collection":[{"href":"http:\/\/www.condenser-mic.de\/datentest\/index.php?rest_route=\/wp\/v2\/pages"}],"about":[{"href":"http:\/\/www.condenser-mic.de\/datentest\/index.php?rest_route=\/wp\/v2\/types\/page"}],"author":[{"embeddable":true,"href":"http:\/\/www.condenser-mic.de\/datentest\/index.php?rest_route=\/wp\/v2\/users\/1"}],"replies":[{"embeddable":true,"href":"http:\/\/www.condenser-mic.de\/datentest\/index.php?rest_route=%2Fwp%2Fv2%2Fcomments&post=92"}],"version-history":[{"count":17,"href":"http:\/\/www.condenser-mic.de\/datentest\/index.php?rest_route=\/wp\/v2\/pages\/92\/revisions"}],"predecessor-version":[{"id":257,"href":"http:\/\/www.condenser-mic.de\/datentest\/index.php?rest_route=\/wp\/v2\/pages\/92\/revisions\/257"}],"wp:attachment":[{"href":"http:\/\/www.condenser-mic.de\/datentest\/index.php?rest_route=%2Fwp%2Fv2%2Fmedia&parent=92"}],"curies":[{"name":"wp","href":"https:\/\/api.w.org\/{rel}","templated":true}]}}