{"id":89,"date":"2011-04-11T08:00:36","date_gmt":"2011-04-11T08:00:36","guid":{"rendered":"http:\/\/www.condenser-mic.de\/datentest\/?page_id=89"},"modified":"2022-12-07T13:41:23","modified_gmt":"2022-12-07T13:41:23","slug":"atelier","status":"publish","type":"page","link":"http:\/\/www.condenser-mic.de\/datentest\/?page_id=89","title":{"rendered":"Atelier"},"content":{"rendered":"<p>Das Grafische Atelier befindet sich im Herzen N\u00fcrtingens.<\/p>\n<p>Michael He\u00df arbeitet als freiberuflicher Grafik-Designer mit dem<br \/>\nSchwerpunkt Corporate Design f\u00fcr Kunden aus den Bereichen<br \/>\nKunst- und Kultur, Industrie und Musik sowie als Freelancer f\u00fcr<br \/>\nDesignb\u00fcros und Werbeagenturen.<\/p>\n<p><strong>Kompetenz<\/strong><\/p>\n<p>\u25b2 Corporate Design<br \/>\n\u25b2 Editorial Design<\/p>\n","protected":false},"excerpt":{"rendered":"<p>Das Grafische Atelier befindet sich im Herzen N\u00fcrtingens. Michael He\u00df arbeitet als freiberuflicher Grafik-Designer mit dem Schwerpunkt Corporate Design f\u00fcr Kunden aus den Bereichen Kunst- und Kultur, Industrie und Musik sowie als Freelancer f\u00fcr Designb\u00fcros und Werbeagenturen. Kompetenz \u25b2 Corporate Design \u25b2 Editorial Design<\/p>\n","protected":false},"author":1,"featured_media":0,"parent":0,"menu_order":1,"comment_status":"closed","ping_status":"closed","template":"","meta":[],"_links":{"self":[{"href":"http:\/\/www.condenser-mic.de\/datentest\/index.php?rest_route=\/wp\/v2\/pages\/89"}],"collection":[{"href":"http:\/\/www.condenser-mic.de\/datentest\/index.php?rest_route=\/wp\/v2\/pages"}],"about":[{"href":"http:\/\/www.condenser-mic.de\/datentest\/index.php?rest_route=\/wp\/v2\/types\/page"}],"author":[{"embeddable":true,"href":"http:\/\/www.condenser-mic.de\/datentest\/index.php?rest_route=\/wp\/v2\/users\/1"}],"replies":[{"embeddable":true,"href":"http:\/\/www.condenser-mic.de\/datentest\/index.php?rest_route=%2Fwp%2Fv2%2Fcomments&post=89"}],"version-history":[{"count":71,"href":"http:\/\/www.condenser-mic.de\/datentest\/index.php?rest_route=\/wp\/v2\/pages\/89\/revisions"}],"predecessor-version":[{"id":924,"href":"http:\/\/www.condenser-mic.de\/datentest\/index.php?rest_route=\/wp\/v2\/pages\/89\/revisions\/924"}],"wp:attachment":[{"href":"http:\/\/www.condenser-mic.de\/datentest\/index.php?rest_route=%2Fwp%2Fv2%2Fmedia&parent=89"}],"curies":[{"name":"wp","href":"https:\/\/api.w.org\/{rel}","templated":true}]}}