{"id":82,"date":"2011-04-11T07:55:38","date_gmt":"2011-04-11T07:55:38","guid":{"rendered":"http:\/\/www.condenser-mic.de\/datentest\/?page_id=82"},"modified":"2022-12-07T13:44:44","modified_gmt":"2022-12-07T13:44:44","slug":"kontakt","status":"publish","type":"page","link":"http:\/\/www.condenser-mic.de\/datentest\/?page_id=82","title":{"rendered":"Kontakt"},"content":{"rendered":"<p>michael hess \u25b2 grafisches atelier<\/p>\n<p>Apothekerstra\u00dfe 5<br \/>\n72622 N\u00fcrtingen<\/p>\n<p>Mobil: +49 1575 1184646<\/p>\n<p>mh[\/@\\]grafisches-atelier.com<br \/>\n<a href=\"http:\/\/www.grafisches-atelier.com\">http:\/\/www.grafisches-atelier.com<\/a><\/p>\n<p>Die nachfolgenden AGB gelten f\u00fcr alle uns erteilten Auftr\u00e4ge.<br \/>\nSie gelten als vereinbart, wenn ihnen nicht umgehend widersprochen wird:<\/p>\n<p><a href=\"http:\/\/www.condenser-mic.de\/grafischesatelier\/AGB_grafisches_atelier_michael_hess.pdf\" target=\"_self\" rel=\"noopener\">Allgemeine Gesch\u00e4ftsbedingungen\u00a0[AGB]<\/a><\/p>\n","protected":false},"excerpt":{"rendered":"<p>michael hess \u25b2 grafisches atelier Apothekerstra\u00dfe 5 72622 N\u00fcrtingen Mobil: +49 1575 1184646 mh[\/@\\]grafisches-atelier.com http:\/\/www.grafisches-atelier.com Die nachfolgenden AGB gelten f\u00fcr alle uns erteilten Auftr\u00e4ge. Sie gelten als vereinbart, wenn ihnen nicht umgehend widersprochen wird: Allgemeine Gesch\u00e4ftsbedingungen\u00a0[AGB]<\/p>\n","protected":false},"author":1,"featured_media":0,"parent":0,"menu_order":4,"comment_status":"closed","ping_status":"closed","template":"","meta":[],"_links":{"self":[{"href":"http:\/\/www.condenser-mic.de\/datentest\/index.php?rest_route=\/wp\/v2\/pages\/82"}],"collection":[{"href":"http:\/\/www.condenser-mic.de\/datentest\/index.php?rest_route=\/wp\/v2\/pages"}],"about":[{"href":"http:\/\/www.condenser-mic.de\/datentest\/index.php?rest_route=\/wp\/v2\/types\/page"}],"author":[{"embeddable":true,"href":"http:\/\/www.condenser-mic.de\/datentest\/index.php?rest_route=\/wp\/v2\/users\/1"}],"replies":[{"embeddable":true,"href":"http:\/\/www.condenser-mic.de\/datentest\/index.php?rest_route=%2Fwp%2Fv2%2Fcomments&post=82"}],"version-history":[{"count":26,"href":"http:\/\/www.condenser-mic.de\/datentest\/index.php?rest_route=\/wp\/v2\/pages\/82\/revisions"}],"predecessor-version":[{"id":925,"href":"http:\/\/www.condenser-mic.de\/datentest\/index.php?rest_route=\/wp\/v2\/pages\/82\/revisions\/925"}],"wp:attachment":[{"href":"http:\/\/www.condenser-mic.de\/datentest\/index.php?rest_route=%2Fwp%2Fv2%2Fmedia&parent=82"}],"curies":[{"name":"wp","href":"https:\/\/api.w.org\/{rel}","templated":true}]}}